{"id":63,"date":"2012-11-09T14:35:57","date_gmt":"2012-11-09T14:35:57","guid":{"rendered":"http:\/\/tussteinfischbach.de\/wordpress\/?page_id=63"},"modified":"2026-01-24T10:00:34","modified_gmt":"2026-01-24T10:00:34","slug":"vorstand","status":"publish","type":"page","link":"https:\/\/tus-steinfischbach.de\/?page_id=63","title":{"rendered":"Vorstand"},"content":{"rendered":"\n<h2 class=\"wp-block-heading\" id=\"geschaftsfuhrender-vorstand-1\">Gesch\u00e4ftsf\u00fchrender Vorstand<\/h2>\n\n\n\n<div class=\"wp-block-group is-layout-flow wp-block-group-is-layout-flow\">\n<figure class=\"wp-block-table is-style-stripes\" style=\"font-size:clamp(14px, 0.875rem + ((1vw - 3.2px) * 0.208), 16px);\"><table><tbody><tr><td><strong>Position<\/strong><\/td><td><strong>Vorname<\/strong><\/td><td><strong>Nachname<\/strong><\/td><\/tr><tr><td>Vorsitzender<\/td><td>Andreas<\/td><td>Warnck<\/td><\/tr><tr><td>Vorsitzende<\/td><td>Julia<\/td><td>Schr\u00f6der<\/td><\/tr><tr><td>Vorsitzender<\/td><td>Rainer<\/td><td>Volkmar<\/td><\/tr><tr><td>1. Kassenwart<\/td><td>Joachim<\/td><td>Althaus<\/td><\/tr><\/tbody><\/table><figcaption class=\"wp-element-caption\"><br>Stand 24.01.2026<\/figcaption><\/figure>\n\n\n\n<h2 class=\"wp-block-heading\" id=\"erweiterter-vorstand-1\">Erweiterter Vorstand<\/h2>\n\n\n\n<figure class=\"wp-block-table is-style-stripes\" style=\"font-size:clamp(14px, 0.875rem + ((1vw - 3.2px) * 0.208), 16px);\"><table><tbody><tr><td><strong>Position<\/strong><\/td><td><strong>Vorname<\/strong><\/td><td><strong>Nachname<\/strong><\/td><\/tr><tr><td>Schriftwart<\/td><td>Brigitte<\/td><td>Leweke<\/td><\/tr><tr><td>2. Kassenwart<\/td><td>Michael <\/td><td>Erdt<\/td><\/tr><tr><td>Turnen<\/td><td>Marie-Christin<\/td><td>K\u00fcster<\/td><\/tr><tr><td>Tennis <br><\/td><td>Steffen<br>Mihael<br>Christina<\/td><td>Sch\u00e4fer<br>Medak<br>Fuchs<\/td><\/tr><tr><td>Tischtennis<\/td><td><em>nicht besetzt<\/em><\/td><td><\/td><\/tr><\/tbody><\/table><figcaption class=\"wp-element-caption\"><br>Stand 24.01.2026<\/figcaption><\/figure>\n<\/div>\n","protected":false},"excerpt":{"rendered":"<p>Gesch\u00e4ftsf\u00fchrender Vorstand Position Vorname Nachname Vorsitzender Andreas Warnck Vorsitzende Julia Schr\u00f6der Vorsitzender Rainer Volkmar 1. Kassenwart Joachim Althaus Stand 24.01.2026 Erweiterter Vorstand Position Vorname Nachname Schriftwart Brigitte Leweke 2. Kassenwart Michael Erdt Turnen Marie-Christin K\u00fcster Tennis SteffenMihaelChristina Sch\u00e4ferMedakFuchs Tischtennis nicht besetzt Stand 24.01.2026<\/p>\n","protected":false},"author":1,"featured_media":0,"parent":22,"menu_order":1,"comment_status":"closed","ping_status":"closed","template":"sidebar-page.php","meta":{"footnotes":""},"_links":{"self":[{"href":"https:\/\/tus-steinfischbach.de\/index.php?rest_route=\/wp\/v2\/pages\/63"}],"collection":[{"href":"https:\/\/tus-steinfischbach.de\/index.php?rest_route=\/wp\/v2\/pages"}],"about":[{"href":"https:\/\/tus-steinfischbach.de\/index.php?rest_route=\/wp\/v2\/types\/page"}],"author":[{"embeddable":true,"href":"https:\/\/tus-steinfischbach.de\/index.php?rest_route=\/wp\/v2\/users\/1"}],"replies":[{"embeddable":true,"href":"https:\/\/tus-steinfischbach.de\/index.php?rest_route=%2Fwp%2Fv2%2Fcomments&post=63"}],"version-history":[{"count":10,"href":"https:\/\/tus-steinfischbach.de\/index.php?rest_route=\/wp\/v2\/pages\/63\/revisions"}],"predecessor-version":[{"id":1573,"href":"https:\/\/tus-steinfischbach.de\/index.php?rest_route=\/wp\/v2\/pages\/63\/revisions\/1573"}],"up":[{"embeddable":true,"href":"https:\/\/tus-steinfischbach.de\/index.php?rest_route=\/wp\/v2\/pages\/22"}],"wp:attachment":[{"href":"https:\/\/tus-steinfischbach.de\/index.php?rest_route=%2Fwp%2Fv2%2Fmedia&parent=63"}],"curies":[{"name":"wp","href":"https:\/\/api.w.org\/{rel}","templated":true}]}}