{"id":478,"date":"2013-08-23T12:21:10","date_gmt":"2013-08-23T12:21:10","guid":{"rendered":"http:\/\/www.tus-steinfischbach.de\/?page_id=478"},"modified":"2021-06-23T18:41:45","modified_gmt":"2021-06-23T18:41:45","slug":"eltern-kind-turnen","status":"publish","type":"page","link":"https:\/\/tus-steinfischbach.de\/?page_id=478","title":{"rendered":"Eltern-Kind Turnen"},"content":{"rendered":"<p style=\"text-align: center;\">\u00a0\u00a0\u00a0\u00a0\u00a0\u00a0 \u00a0 \u00a0<strong> Windelwichtel<\/strong><\/p>\n<p style=\"text-align: center;\"><img fetchpriority=\"high\" decoding=\"async\" class=\"alignnone size-medium wp-image-911\" src=\"https:\/\/tus-steinfischbach.de\/wp-content\/uploads\/2013\/08\/P1050196-300x225.jpg\" alt=\"P1050196\" width=\"300\" height=\"225\" srcset=\"https:\/\/tus-steinfischbach.de\/wp-content\/uploads\/2013\/08\/P1050196-300x225.jpg 300w, https:\/\/tus-steinfischbach.de\/wp-content\/uploads\/2013\/08\/P1050196-768x576.jpg 768w, https:\/\/tus-steinfischbach.de\/wp-content\/uploads\/2013\/08\/P1050196-1024x768.jpg 1024w, https:\/\/tus-steinfischbach.de\/wp-content\/uploads\/2013\/08\/P1050196-400x300.jpg 400w\" sizes=\"(max-width: 300px) 100vw, 300px\" \/><\/p>\n<p>Im Eltern-Kind Turnen wird den ,,Windelwichteln&#8220; Spa\u00df an Bewegung und Singspielen vermittelt. Ab dem Laufalter treffen sich hier bereits die Kleinsten, um erste Erfahrungen mit unterschiedlichen Bewegungsformen, von Krabbeln auf allen Vieren, Laufen auf den Zehenspitzen oder Rollen mit dem gesamten K\u00f6rper zu machen.<a href=\"https:\/\/tus-steinfischbach.de\/wp-content\/uploads\/2013\/08\/DSC05681.jpg\">\u00a0\u00a0\u00a0<\/a><\/p>\n<p><img decoding=\"async\" class=\"alignnone size-medium wp-image-909\" src=\"https:\/\/tus-steinfischbach.de\/wp-content\/uploads\/2013\/08\/20160506_103627-300x180.jpg\" alt=\"20160506_103627\" width=\"300\" height=\"180\" srcset=\"https:\/\/tus-steinfischbach.de\/wp-content\/uploads\/2013\/08\/20160506_103627-300x180.jpg 300w, https:\/\/tus-steinfischbach.de\/wp-content\/uploads\/2013\/08\/20160506_103627-768x461.jpg 768w, https:\/\/tus-steinfischbach.de\/wp-content\/uploads\/2013\/08\/20160506_103627-1024x614.jpg 1024w, https:\/\/tus-steinfischbach.de\/wp-content\/uploads\/2013\/08\/20160506_103627-500x300.jpg 500w\" sizes=\"(max-width: 300px) 100vw, 300px\" \/><\/p>\n<p>Materialien, wie B\u00e4lle, Reifen und Schwungtuch sowie das Kennenlernen von Sportger\u00e4ten, wie der gro\u00dfen Matten oder der B\u00e4nke geh\u00f6ren ebenso zum Eltern-Kind Turnen, wie das gemseinsame Begr\u00fc\u00dfen mit Singspielen und dem Sammeln von Erfahrungen des sozialen Miteinanders in der Gruppe.<\/p>\n<p>Turnzeiten: Donnerstag von 15:00 bis 16:00 Uhr<\/p>\n<p>\u00dcbungsleiterin:<\/p>\n<p>Marie &#8211; Christin K\u00fcster<br \/>\nTel.: 0176\/22766990<\/p>\n","protected":false},"excerpt":{"rendered":"<p>\u00a0\u00a0\u00a0\u00a0\u00a0\u00a0 \u00a0 \u00a0 Windelwichtel Im Eltern-Kind Turnen wird den ,,Windelwichteln&#8220; Spa\u00df an Bewegung und Singspielen vermittelt. Ab dem Laufalter treffen sich hier bereits die Kleinsten, um erste Erfahrungen mit unterschiedlichen Bewegungsformen, von Krabbeln auf allen Vieren, Laufen auf den Zehenspitzen oder Rollen mit dem gesamten K\u00f6rper zu machen.\u00a0\u00a0\u00a0 Materialien, wie B\u00e4lle, Reifen und Schwungtuch sowie &hellip; <\/p>\n<p class=\"link-more\"><a href=\"https:\/\/tus-steinfischbach.de\/?page_id=478\" class=\"more-link\">Mehr <span class=\"screen-reader-text\">\u00fcber &#8222;Eltern-Kind Turnen&#8220; <\/span>Lesen<\/a><\/p>\n","protected":false},"author":7,"featured_media":0,"parent":9,"menu_order":0,"comment_status":"closed","ping_status":"closed","template":"sidebar-page.php","meta":{"footnotes":""},"_links":{"self":[{"href":"https:\/\/tus-steinfischbach.de\/index.php?rest_route=\/wp\/v2\/pages\/478"}],"collection":[{"href":"https:\/\/tus-steinfischbach.de\/index.php?rest_route=\/wp\/v2\/pages"}],"about":[{"href":"https:\/\/tus-steinfischbach.de\/index.php?rest_route=\/wp\/v2\/types\/page"}],"author":[{"embeddable":true,"href":"https:\/\/tus-steinfischbach.de\/index.php?rest_route=\/wp\/v2\/users\/7"}],"replies":[{"embeddable":true,"href":"https:\/\/tus-steinfischbach.de\/index.php?rest_route=%2Fwp%2Fv2%2Fcomments&post=478"}],"version-history":[{"count":17,"href":"https:\/\/tus-steinfischbach.de\/index.php?rest_route=\/wp\/v2\/pages\/478\/revisions"}],"predecessor-version":[{"id":1400,"href":"https:\/\/tus-steinfischbach.de\/index.php?rest_route=\/wp\/v2\/pages\/478\/revisions\/1400"}],"up":[{"embeddable":true,"href":"https:\/\/tus-steinfischbach.de\/index.php?rest_route=\/wp\/v2\/pages\/9"}],"wp:attachment":[{"href":"https:\/\/tus-steinfischbach.de\/index.php?rest_route=%2Fwp%2Fv2%2Fmedia&parent=478"}],"curies":[{"name":"wp","href":"https:\/\/api.w.org\/{rel}","templated":true}]}}