{"id":438,"date":"2013-08-21T17:52:20","date_gmt":"2013-08-21T17:52:20","guid":{"rendered":"http:\/\/www.tus-steinfischbach.de\/?page_id=438"},"modified":"2022-02-17T11:04:45","modified_gmt":"2022-02-17T11:04:45","slug":"praventive-ruckengymnastik","status":"publish","type":"page","link":"https:\/\/tus-steinfischbach.de\/?page_id=438","title":{"rendered":"Pr\u00e4ventive Fitnessgymnastik"},"content":{"rendered":"<p><img fetchpriority=\"high\" decoding=\"async\" class=\"alignnone size-full wp-image-1501\" src=\"https:\/\/tus-steinfischbach.de\/wp-content\/uploads\/2022\/02\/IMG-20200302-WA0000.jpg\" alt=\"\" width=\"1600\" height=\"1200\" \/><\/p>\n<p style=\"margin-bottom: 0cm;\">Fitness als Gesundheitsvorsorge<\/p>\n<p style=\"margin-bottom: 0cm;\">Jeder Mensch empfindet sein Alter anders \u2013 mit 60 kann man sich fit, vital und jung f\u00fchlen, aber auch alt und eingeschr\u00e4nkt.<\/p>\n<p style=\"margin-bottom: 0cm;\">Alt sein hat heute nichts mehr mit dem chronologischen Alter zu tun, sondern mit der Lebenssituation und der Lebensfreude.<\/p>\n<p style=\"margin-bottom: 0cm;\">Bei unserer \u00fcberwiegend sitzenden Lebensweise kommt der gesundheitsorientierten Bewegung eine Schl\u00fcsselrolle bei der Erhaltung der Gesundheit zu.<\/p>\n<p style=\"margin-bottom: 0cm;\">Bewegung ist wichtig, weil sie Spa\u00df und Lebensfreude bringen kann, zur Vermeidung von \u00dcbergewicht beitr\u00e4gt und motorische F\u00e4higkeiten f\u00f6rdert und erh\u00e4lt. Positive Aspekte lassen sich auch bei R\u00fcckenbeschwerden, Bluthochdruck + Herz-Kreislauferkrankungen nachweisen.<\/p>\n<p style=\"margin-bottom: 0cm;\">Trotz bekannten Gesundheitseffekten ist doch der Spa\u00dffaktor am wichtigsten. Denn ohne Spa\u00df am Training kann es nicht auf Dauer sein. Und Training ist immer eine langfristig zu betrachtende Sache. Erst nach 2 \u2013 3 Monaten hat man wirklich me\u00dfbare Erfolge und die gilt es dann aufrecht zu erhalten.<\/p>\n<p style=\"margin-bottom: 0cm;\">In der altersgemischten \u201epr\u00e4ventiven Fitnessgymnastik\u201c treffen sich immer montags von 20 \u2013 21 Uhr Frauen und M\u00e4nner in der Turnhalle.<\/p>\n<p style=\"margin-bottom: 0cm;\">Die Inhalte sind Ausdauerschulung, Kr\u00e4ftigung und Dehnung, Koordinations- sowie Entspannungstraining. Hierzu werden abgestufte \u00dcbungen zu Musik mit und ohne Handger\u00e4te angeboten. Als Handger\u00e4te kommen Hanteln, verschiedene B\u00e4lle, Thera B\u00e4nder und Brazils zum Einsatz.<\/p>\n<p style=\"margin-bottom: 0cm;\">Die \u00dcbungsstunde \u201epr\u00e4ventive Fitnessgymnastik\u201c wurde mit dem Qualit\u00e4tssiegel \u201ePluspunkt Gesundheit\u201c f\u00fcr besonders qualifizierten Gesundheitssport im Verein ausgezeichnet.<\/p>\n<p>Der ,,Pluspunkt Gesundheit&#8220; wird von den Krankenkassen im Bonusprogramm anerkannt.<\/p>\n<p>Marion Scheid<br \/>\nTel.: 06087\/685<\/p>\n<p>Fach\u00fcbungsleiter f\u00fcr Fitness und Gesundheit<br \/>\n\u00dcbungsleiter f\u00fcr Sport in der Pr\u00e4vention<\/p>\n","protected":false},"excerpt":{"rendered":"<p>Fitness als Gesundheitsvorsorge Jeder Mensch empfindet sein Alter anders \u2013 mit 60 kann man sich fit, vital und jung f\u00fchlen, aber auch alt und eingeschr\u00e4nkt. Alt sein hat heute nichts mehr mit dem chronologischen Alter zu tun, sondern mit der Lebenssituation und der Lebensfreude. Bei unserer \u00fcberwiegend sitzenden Lebensweise kommt der gesundheitsorientierten Bewegung eine Schl\u00fcsselrolle &hellip; <\/p>\n<p class=\"link-more\"><a href=\"https:\/\/tus-steinfischbach.de\/?page_id=438\" class=\"more-link\">Mehr <span class=\"screen-reader-text\">\u00fcber &#8222;Pr\u00e4ventive Fitnessgymnastik&#8220; <\/span>Lesen<\/a><\/p>\n","protected":false},"author":7,"featured_media":0,"parent":9,"menu_order":0,"comment_status":"closed","ping_status":"closed","template":"sidebar-page.php","meta":{"footnotes":""},"_links":{"self":[{"href":"https:\/\/tus-steinfischbach.de\/index.php?rest_route=\/wp\/v2\/pages\/438"}],"collection":[{"href":"https:\/\/tus-steinfischbach.de\/index.php?rest_route=\/wp\/v2\/pages"}],"about":[{"href":"https:\/\/tus-steinfischbach.de\/index.php?rest_route=\/wp\/v2\/types\/page"}],"author":[{"embeddable":true,"href":"https:\/\/tus-steinfischbach.de\/index.php?rest_route=\/wp\/v2\/users\/7"}],"replies":[{"embeddable":true,"href":"https:\/\/tus-steinfischbach.de\/index.php?rest_route=%2Fwp%2Fv2%2Fcomments&post=438"}],"version-history":[{"count":18,"href":"https:\/\/tus-steinfischbach.de\/index.php?rest_route=\/wp\/v2\/pages\/438\/revisions"}],"predecessor-version":[{"id":1502,"href":"https:\/\/tus-steinfischbach.de\/index.php?rest_route=\/wp\/v2\/pages\/438\/revisions\/1502"}],"up":[{"embeddable":true,"href":"https:\/\/tus-steinfischbach.de\/index.php?rest_route=\/wp\/v2\/pages\/9"}],"wp:attachment":[{"href":"https:\/\/tus-steinfischbach.de\/index.php?rest_route=%2Fwp%2Fv2%2Fmedia&parent=438"}],"curies":[{"name":"wp","href":"https:\/\/api.w.org\/{rel}","templated":true}]}}