{"id":19,"date":"2012-11-09T10:54:00","date_gmt":"2012-11-09T10:54:00","guid":{"rendered":"http:\/\/tussteinfischbach.de\/wordpress\/?page_id=19"},"modified":"2021-09-27T13:26:46","modified_gmt":"2021-09-27T13:26:46","slug":"tischtennis","status":"publish","type":"page","link":"https:\/\/tus-steinfischbach.de\/?page_id=19","title":{"rendered":"Tischtennis"},"content":{"rendered":"<p><strong>Vorsitzender Tischtennisabteilung:<\/strong><br \/>\nReinhold Krieger<br \/>\nZum H\u00e4userstein 10<br \/>\n65529 Waldems-Steinfischbach<\/p>\n<p>Telefon: 06087\/1090<br \/>\nE-Mail: reinhold.krieger[at]web.de<\/p>\n<figure id=\"attachment_194\" aria-describedby=\"caption-attachment-194\" style=\"width: 300px\" class=\"wp-caption alignnone\"><a href=\"https:\/\/tus-steinfischbach.de\/wp-content\/uploads\/2012\/11\/427_035-e1352891933986.jpg\"><img fetchpriority=\"high\" decoding=\"async\" class=\"wp-image-194 size-medium\" title=\"Tischtennis - Siegerehrung - 2011\" src=\"https:\/\/tus-steinfischbach.de\/wp-content\/uploads\/2012\/11\/427_035-300x225.jpg\" alt=\"\" width=\"300\" height=\"225\" \/><\/a><figcaption id=\"caption-attachment-194\" class=\"wp-caption-text\">2011: Turniersiegerin Nora Debus<\/figcaption><\/figure>\n<p><strong>Unsere Abteilung:<br \/>\n<\/strong>Nach der Reaktivierung der Abteilung Ende 1987, die vor allem durch Reni Baus vorangetrieben wurde, fanden sich innerhalb kurzer Zeit etwa ein Dutzend &#8222;Spielwillige&#8220;, die bereits im folgenden Jahr ihre erste Vereinsmeisterschaft \u00a0ausrichten konnten. Bei den Damen war Reni Baus erfolgreich, die Herren-Konkurrenz konnte J\u00fcrgen Gru\u00dfbach f\u00fcr sich entscheiden. Bis zum heutigen Tage konnten sich folgende Spieler\/Innen in die Siegerliste eingetragen:\u00a0Reni Baus (1988+90),\u00a0Traudel Volkmar (1989, 91+99, 2006), Karin Gru\u00dfbach (1992-1997, 2000, 2003-05), Nora Debus (1998), Nadine Schmidt (2001), sowie Wolfgang Debus (1991+2010), Oliver Diehl (2006), Sascha Ries (2007) und J\u00fcrgen Gru\u00dfbach (1988-90, 1992- 2005, 2008-09).\u00a0In 2011 gewann Nora Debus ein Schleifchen-Turnier im Rahmen des Sommerturniers am 3.Advent, das traditionsgem\u00e4\u00df mit einem ausgedehnten Fr\u00fchst\u00fcck begonnen und mit Kaffee und Kuchen beendet wird.<\/p>\n<p>Es entwickelte sich im Laufe der Zeit eine angenehme Kameradschaft, die seit 1989 im allj\u00e4hrlichen Ausflug gipfelt, der \u00a0jeweils von einem anderen Mitglied organisiert wird. Der Rest der Truppe wei\u00df in der Regel nur den Abfahrtstreffpunkt und -zeit, und nachdem jeder einen Tipp abgegeben hat, wo es diesmal hingeht, startet die Truppe in Richtung Fr\u00fchst\u00fccks-Zwischenstopp. So wurden in den vergangenen \u00fcber 20 Jahren bereits Ausfl\u00fcge bis nach Lindenberg im Allg\u00e4u unternommen, denn dort leben seit 1996 Gisela + Eugen Martin, der (im Allg\u00e4u geboren und beruflich nach Hessen verschlagen) vorher \u00fcber viele Jahre in Niederems seine zweite Heimat gefunden hatte. Daran ist schon zu erkennen, dass die Mitspieler nicht nur in Steinfischbach beheimatet sind, sondern aus den umliegenden Orten Riedelbach, Reichenbach, Bermbach und sogar Bad Camberg kommen. Es hat sich halt herumgesprochen, dass es eine recht lustige Truppe ist. Bereits seit 1990 werden Freundschaftsspiele auch gegen aktive Mannschaften durchgef\u00fchrt, so z.B. Watzhahn, Oberrod, Idstein, TG Camberg, W\u00f6rsdorf, Dorchheim\/Hangenmeilingen und Schwickershausen, wo J\u00fcrgen Gru\u00dfbach seit diesem Freundschaftsspiel auch aktiv in der 2.Mannschaft mitmischte, aktuell aber nun (wie auch Udo Becker) beim TV Esch spielt.<\/p>\n<p>In den Jahren 1991 \u2013 1993 war die Teilnahme am B\u00fcrgerturnier der TG Camberg einmal mit dem zweiten und sogar zweimal mit dem ersten Platz gekr\u00f6nt. Bei den im Jahre 1992 in Bermbach ausgetragenen Waldemser TT-Meisterschaften belegten J\u00fcrgen Gru\u00dfbach, Wolfgang Debus und J\u00f6rg Gru\u00dfbach die Pl\u00e4tze 1 bis 3 in der Gruppe der Hobbyspieler.<\/p>\n<p>Der Spielbetrieb in der Turnhalle in Steinfischbach (in der sogar schon manchmal tieffliegende Schl\u00e4ger gesichtet wurden) war sogar einige Jahren wieder durch eine Jugendgruppe erweitert worden, die von Uschi Ansch\u00fctz aus Mauloff geleitet wurde.<\/p>\n<p>Die Seniorengruppe hat ein Durchschnittsalter von (deutlich) \u00fcber 50 Jahre und ist immer offen f\u00fcr neue Interessenten, die z.B. bei Geburtstagen oder &#8222;quietschenden&#8220; Neuwagen auch schon mal einen OUZO vertragen.<\/p>\n<p><strong>Trainingszeiten:<br \/>\n<\/strong><\/p>\n<ul>\n<li>Senioren<br \/>\nMittwoch &#8211; 18:30 bis 20:15 Uhr<\/li>\n<\/ul>\n","protected":false},"excerpt":{"rendered":"<p>Vorsitzender Tischtennisabteilung: Reinhold Krieger Zum H\u00e4userstein 10 65529 Waldems-Steinfischbach Telefon: 06087\/1090 E-Mail: reinhold.krieger[at]web.de Unsere Abteilung: Nach der Reaktivierung der Abteilung Ende 1987, die vor allem durch Reni Baus vorangetrieben wurde, fanden sich innerhalb kurzer Zeit etwa ein Dutzend &#8222;Spielwillige&#8220;, die bereits im folgenden Jahr ihre erste Vereinsmeisterschaft \u00a0ausrichten konnten. Bei den Damen war Reni Baus &hellip; <\/p>\n<p class=\"link-more\"><a href=\"https:\/\/tus-steinfischbach.de\/?page_id=19\" class=\"more-link\">Mehr <span class=\"screen-reader-text\">\u00fcber &#8222;Tischtennis&#8220; <\/span>Lesen<\/a><\/p>\n","protected":false},"author":1,"featured_media":0,"parent":0,"menu_order":0,"comment_status":"closed","ping_status":"closed","template":"sidebar-page.php","meta":{"footnotes":""},"_links":{"self":[{"href":"https:\/\/tus-steinfischbach.de\/index.php?rest_route=\/wp\/v2\/pages\/19"}],"collection":[{"href":"https:\/\/tus-steinfischbach.de\/index.php?rest_route=\/wp\/v2\/pages"}],"about":[{"href":"https:\/\/tus-steinfischbach.de\/index.php?rest_route=\/wp\/v2\/types\/page"}],"author":[{"embeddable":true,"href":"https:\/\/tus-steinfischbach.de\/index.php?rest_route=\/wp\/v2\/users\/1"}],"replies":[{"embeddable":true,"href":"https:\/\/tus-steinfischbach.de\/index.php?rest_route=%2Fwp%2Fv2%2Fcomments&post=19"}],"version-history":[{"count":26,"href":"https:\/\/tus-steinfischbach.de\/index.php?rest_route=\/wp\/v2\/pages\/19\/revisions"}],"predecessor-version":[{"id":1413,"href":"https:\/\/tus-steinfischbach.de\/index.php?rest_route=\/wp\/v2\/pages\/19\/revisions\/1413"}],"wp:attachment":[{"href":"https:\/\/tus-steinfischbach.de\/index.php?rest_route=%2Fwp%2Fv2%2Fmedia&parent=19"}],"curies":[{"name":"wp","href":"https:\/\/api.w.org\/{rel}","templated":true}]}}