{"id":16,"date":"2012-11-09T10:53:32","date_gmt":"2012-11-09T10:53:32","guid":{"rendered":"http:\/\/tussteinfischbach.de\/wordpress\/?page_id=16"},"modified":"2025-03-05T11:32:02","modified_gmt":"2025-03-05T11:32:02","slug":"impressum","status":"publish","type":"page","link":"https:\/\/tus-steinfischbach.de\/?page_id=16","title":{"rendered":"Impressum"},"content":{"rendered":"<p><strong>Turn- und Sportverein 1904 e.V. Steinfischbach<\/strong><br \/>\nAndreas Warnck<br \/>\nEscher Str. 9<br \/>\n65529 Waldems-Steinfischbach<\/p>\n<p>Tel: +49 (0)151 24 19 23 06<br \/>\n<a class=\"cm_anchor\" href=\"mailto:admin%40tussteinfischbach-tennis.de?subject=\">admin@tussteinfischbach-tennis.de<\/a><\/p>\n<p>E-Mail: <a href=\"mailto:info@tus-steinfischbach.de\">info@tus-steinfischbach.de<\/a><br \/>\nInternet: www.tussteinfischbach.de \/ www.tus-steinfischbach.de<\/p>\n<p><strong>Mitglieder gesch\u00e4ftsf\u00fchrender Vorstand:<\/strong><br \/>\nReiner Volkmar<br \/>\n0173-9405788<br \/>\nrainervolkmar@googlemail.com<\/p>\n<p>Andreas Warnck<br \/>\n0151-24192306<br \/>\nadmin@tussteinfischbach-tennis.de<\/p>\n<p>Julia Schr\u00f6der<br \/>\n06087-980303<br \/>\njulia-maria.schroeder@web.de<\/p>\n<p>Joachim Althaus<br \/>\n06087-1297<br \/>\njoachimalthaus@aol.com<\/p>\n<p><strong>Vereinsregister:<\/strong><br \/>\nAmtsgericht Wiesbaden<br \/>\nVereinsregisternummer 4962<\/p>\n<p><strong>Umsatzsteueridentifikationsnummer:<\/strong><br \/>\nFinanzamt Bad Schwalbach<br \/>\nSteuernummer 04 250 0087 2 &#8211; VI\/10<\/p>\n<p><b>Widerspruch Werbe-Mails<\/b><br \/>\nDer Nutzung von Kontaktdaten (die im Rahmen der Impressumspflicht ver\u00f6ffentlicht wurden) zur \u00dcbersendung von nicht ausdr\u00fccklich angeforderter Werbung und Informationen wird hiermit widersprochen. Der Seitenbetreiber beh\u00e4lt sich rechtliche Schritte bei unverlangter Zusendung von Werbeinformationen, insbesondere bei Spam-E-Mails, vor.<\/p>\n<p><b>Urheberrecht<\/b><br \/>\nDie durch den Betreiber dieser Webseite erstellten Inhalte und Werke auf den Seiten der Webseite unterliegen dem deutschen Urheberrecht. Die Vervielf\u00e4ltigung, Bearbeitung, Verbreitung und jede Art der Verwertung au\u00dferhalb der durch das Urheberrecht explizit erlaubten Verwendungen erfordern die schriftliche Zustimmung des Zust\u00e4ndigen. Soweit diese Webseite Inhalte enth\u00e4lt, die nicht vom Betreiber der Webseite erstellt wurden, wird den Urheberrechten Dritter Rechnung getragen und Inhalte Dritter sind entsprechend gekennzeichnet. Sollten Sie auf eine Urheberrechtsverletzung aufmerksam werden, bitten wir um einen Hinweis. Bei Bekanntwerden von Rechtsverletzungen werden wir die entsprechenden Inhalte umgehend entfernen.<\/p>\n","protected":false},"excerpt":{"rendered":"<p>Turn- und Sportverein 1904 e.V. Steinfischbach Andreas Warnck Escher Str. 9 65529 Waldems-Steinfischbach Tel: +49 (0)151 24 19 23 06 admin@tussteinfischbach-tennis.de E-Mail: info@tus-steinfischbach.de Internet: www.tussteinfischbach.de \/ www.tus-steinfischbach.de Mitglieder gesch\u00e4ftsf\u00fchrender Vorstand: Reiner Volkmar 0173-9405788 rainervolkmar@googlemail.com Andreas Warnck 0151-24192306 admin@tussteinfischbach-tennis.de Julia Schr\u00f6der 06087-980303 julia-maria.schroeder@web.de Joachim Althaus 06087-1297 joachimalthaus@aol.com Vereinsregister: Amtsgericht Wiesbaden Vereinsregisternummer 4962 Umsatzsteueridentifikationsnummer: Finanzamt Bad Schwalbach &hellip; <\/p>\n<p class=\"link-more\"><a href=\"https:\/\/tus-steinfischbach.de\/?page_id=16\" class=\"more-link\">Mehr <span class=\"screen-reader-text\">\u00fcber &#8222;Impressum&#8220; <\/span>Lesen<\/a><\/p>\n","protected":false},"author":1,"featured_media":0,"parent":0,"menu_order":0,"comment_status":"closed","ping_status":"closed","template":"sidebar-page.php","meta":{"footnotes":""},"_links":{"self":[{"href":"https:\/\/tus-steinfischbach.de\/index.php?rest_route=\/wp\/v2\/pages\/16"}],"collection":[{"href":"https:\/\/tus-steinfischbach.de\/index.php?rest_route=\/wp\/v2\/pages"}],"about":[{"href":"https:\/\/tus-steinfischbach.de\/index.php?rest_route=\/wp\/v2\/types\/page"}],"author":[{"embeddable":true,"href":"https:\/\/tus-steinfischbach.de\/index.php?rest_route=\/wp\/v2\/users\/1"}],"replies":[{"embeddable":true,"href":"https:\/\/tus-steinfischbach.de\/index.php?rest_route=%2Fwp%2Fv2%2Fcomments&post=16"}],"version-history":[{"count":10,"href":"https:\/\/tus-steinfischbach.de\/index.php?rest_route=\/wp\/v2\/pages\/16\/revisions"}],"predecessor-version":[{"id":1555,"href":"https:\/\/tus-steinfischbach.de\/index.php?rest_route=\/wp\/v2\/pages\/16\/revisions\/1555"}],"wp:attachment":[{"href":"https:\/\/tus-steinfischbach.de\/index.php?rest_route=%2Fwp%2Fv2%2Fmedia&parent=16"}],"curies":[{"name":"wp","href":"https:\/\/api.w.org\/{rel}","templated":true}]}}